{"id":607,"date":"2022-06-15T10:18:17","date_gmt":"2022-06-15T10:18:17","guid":{"rendered":"https:\/\/demo.creativethemes.com\/stagingfour\/?page_id=607"},"modified":"2024-07-17T09:15:23","modified_gmt":"2024-07-17T12:15:23","slug":"quem-somos","status":"publish","type":"page","link":"https:\/\/igramal.com.br\/index.php\/quem-somos\/","title":{"rendered":"Quem Somos"},"content":{"rendered":"\n<div class=\"wp-block-stackable-columns stk-block-columns stk-block stk-e84acda\" data-block-id=\"e84acda\"><style>.stk-e84acda .stk--block-align-e84acda{align-items:center !important}.stk-e84acda{margin-bottom:0px !important}.stk-e84acda-column{--stk-column-gap:50px !important;row-gap:50px !important}@media screen and (max-width:1023px){.stk-e84acda-column{--stk-column-gap:30px !important}}<\/style><div class=\"stk-row stk-inner-blocks stk--block-align-e84acda stk-block-content stk-content-align stk-e84acda-column\">\n<div class=\"wp-block-stackable-column stk-block-column stk-column stk-block stk-cfe225c\" data-block-id=\"cfe225c\"><style>.stk-cfe225c-container{margin-top:0px !important;margin-right:0px !important;margin-bottom:0px !important;margin-left:0px !important}@media screen and (min-width:768px){.stk-cfe225c{flex:var(--stk-flex-grow,1) 1 calc(44.099999999999994% - var(--stk-column-gap,0px) * 1 \/ 2 ) !important}}@media screen and (min-width:768px) and (max-width:1023px){.stk-cfe225c{flex:var(--stk-flex-grow,1) 1 calc(40% - var(--stk-column-gap,0px) * 1 \/ 2 ) !important}}<\/style><div class=\"stk-column-wrapper stk-block-column__content stk-container stk-cfe225c-container stk--no-background stk--no-padding\"><div class=\"stk-block-content stk-inner-blocks stk-cfe225c-inner-blocks\">\n<div class=\"wp-block-stackable-image stk-block-image stk-block stk-6c5aab5\" data-block-id=\"6c5aab5\"><figure><span class=\"stk-img-wrapper stk-image--shape-stretch\"><img loading=\"lazy\" decoding=\"async\" class=\"stk-img wp-image-702\" src=\"https:\/\/igramal.com.br\/wp-content\/uploads\/2024\/07\/AEREA.jpg\" width=\"1400\" height=\"910\" srcset=\"https:\/\/igramal.com.br\/wp-content\/uploads\/2024\/07\/AEREA.jpg 1400w, https:\/\/igramal.com.br\/wp-content\/uploads\/2024\/07\/AEREA-300x195.jpg 300w, https:\/\/igramal.com.br\/wp-content\/uploads\/2024\/07\/AEREA-1024x666.jpg 1024w, https:\/\/igramal.com.br\/wp-content\/uploads\/2024\/07\/AEREA-768x499.jpg 768w\" sizes=\"auto, (max-width: 1400px) 100vw, 1400px\" \/><\/span><\/figure><\/div>\n<\/div><\/div><\/div>\n\n\n\n<div class=\"wp-block-stackable-column stk-block-column stk-column stk-block stk-fb8865e\" data-block-id=\"fb8865e\"><style>.stk-fb8865e-container{margin-top:0px !important;margin-right:0px !important;margin-bottom:0px !important;margin-left:0px !important}@media screen and (min-width:768px){.stk-fb8865e{flex:var(--stk-flex-grow,1) 1 calc(55.9% - var(--stk-column-gap,0px) * 1 \/ 2 ) !important}}@media screen and (min-width:768px) and (max-width:1023px){.stk-fb8865e{flex:var(--stk-flex-grow,1) 1 calc(60% - var(--stk-column-gap,0px) * 1 \/ 2 ) !important}}<\/style><div class=\"stk-column-wrapper stk-block-column__content stk-container stk-fb8865e-container stk--no-background stk--no-padding\"><div class=\"has-text-align-center-mobile stk-block-content stk-inner-blocks stk-fb8865e-inner-blocks\">\n<div class=\"wp-block-stackable-columns stk-block-columns stk-block stk-84cd38e\" data-block-id=\"84cd38e\"><style>.stk-84cd38e-column{--stk-column-gap:30px !important;row-gap:30px !important}<\/style><div class=\"stk-row stk-inner-blocks stk-block-content stk-content-align stk-84cd38e-column\">\n<div class=\"wp-block-stackable-column stk-block-column stk-column stk-block stk-673b59e\" data-block-id=\"673b59e\"><style>.stk-673b59e-container{margin-top:0px !important;margin-right:0px !important;margin-bottom:0px !important;margin-left:0px !important}<\/style><div class=\"stk-column-wrapper stk-block-column__content stk-container stk-673b59e-container stk--no-background stk--no-padding\"><div class=\"stk-block-content stk-inner-blocks stk-673b59e-inner-blocks\">\n<div class=\"wp-block-stackable-text stk-block-text stk-block stk-4c6e287\" data-block-id=\"4c6e287\"><style>.stk-4c6e287{margin-bottom:0px !important}<\/style><p class=\"stk-block-text__text\">Fundada em 1999, a IGRAMAL &#8211; IND\u00daSTRIA DE M\u00c1RMORES E GRANITOS LTDA. \u00e9 uma empresa que atua no setor de rochas ornamentais, especificamente com m\u00e1rmores e granitos, nacionais e importados. Localizada em Macei\u00f3, Estado de Alagoas, \u00e9 uma das principais serrarias de m\u00e1rmores e granitos do Nordeste na comercializa\u00e7\u00e3o de chapas brutas e polidas, ladrilhos etc. para atender ao mercado da constru\u00e7\u00e3o civil, decora\u00e7\u00e3o e ambienta\u00e7\u00e3o, entre outros.<br><\/p><\/div>\n\n\n\n<p>Priorizando o bem estar de seus colaboradores e a satisfa\u00e7\u00e3o de seus clientes, sendo necess\u00e1rio, para isso, investimentos em pessoal atrav\u00e9s de cursos e palestras para nivelamento, melhoramento dos processos e a qualidade do produto final e tecnologia. Estrat\u00e9gia que garantiu a competitividade de seus produtos em um mercado no qual os detalhes, muitas vezes, fazem a diferen\u00e7a.<\/p>\n\n\n\n<p>A partir de 2008 passou a atuar no setor de marmoraria, ampliou suas instala\u00e7\u00f5es al\u00e9m de construir um amplo e confort\u00e1vel escrit\u00f3rio, todo climatizado, onde encontramos expostos diversos produtos, possibilitando ao cliente maior conforto na sua escolha.A empresa busca, diante da forte concorr\u00eancia e da economia global cada vez mais exigente, atender a tr\u00edade de mercado pre\u00e7o, prazo e qualidade com foco no cliente, buscando entender as particularidades de cada nicho, mantendo-se dentro dos padr\u00f5es e ampliando sua efici\u00eancia, sendo esse, o grande desafio da IGRAMAL GRANITOS E M\u00c1RMORES<\/p>\n<\/div><\/div><\/div>\n<\/div><\/div>\n<\/div><\/div><\/div>\n<\/div><\/div>\n\n\n\n<p><\/p>\n","protected":false},"excerpt":{"rendered":"<p>Fundada em 1999, a IGRAMAL &#8211; IND\u00daSTRIA DE M\u00c1RMORES E GRANITOS LTDA. \u00e9 uma empresa que atua no setor de rochas ornamentais, especificamente com m\u00e1rmores e granitos, nacionais e importados. Localizada em Macei\u00f3, Estado de Alagoas, \u00e9 uma das principais serrarias de m\u00e1rmores e granitos do Nordeste na comercializa\u00e7\u00e3o de chapas brutas e polidas, ladrilhos [&hellip;]<\/p>\n","protected":false},"author":1,"featured_media":0,"parent":0,"menu_order":0,"comment_status":"closed","ping_status":"closed","template":"","meta":{"_joinchat":[],"footnotes":""},"class_list":["post-607","page","type-page","status-publish","hentry"],"blocksy_meta":{"page_title_panel":"","has_hero_section":"default","fe1c64ab89945cda534f4bb2d579ae1a":"","hero_section":"type-1","hero_elements":[{"id":"custom_title","enabled":true,"heading_tag":"h1","title":"Home"},{"id":"custom_description","enabled":true,"description_visibility":{"desktop":true,"tablet":true,"mobile":false}},{"id":"custom_meta","enabled":false,"meta_elements":[{"id":"author","enabled":true,"label":"By","has_author_avatar":"yes","avatar_size":25},{"id":"post_date","enabled":true,"label":"On","date_format_source":"default","date_format":"M j, Y"},{"id":"updated_date","enabled":false,"label":"On","date_format_source":"default","date_format":"M j, Y"},{"id":"categories","enabled":false,"label":"In","style":"simple"},{"id":"comments","enabled":true}],"page_meta_elements":{"joined":true,"articles_count":true,"comments":true}},{"id":"breadcrumbs","enabled":false}],"433b02732bec8d55ec282f00a9a700eb":"","hero_alignment1":"CT_CSS_SKIP_RULE","hero_margin":40,"hero_alignment2":"center","hero_vertical_alignment":"center","fdbb34d69d6afe2394c07d96c9ea0b60":"","hero_structure":"narrow","cb306aece5e91b9a44875e4a81075440":"","page_title_bg_type":"featured_image","custom_hero_background":{"attachment_id":null},"page_title_image_size":"full","parallax":{"desktop":false,"tablet":false,"mobile":false},"034bc954f3c533bc75ffdf62670c8395":"","hero_height":"250px","pageTitleFont":{"family":"Default","variation":"Default","size":"30px","line-height":"CT_CSS_SKIP_RULE","letter-spacing":"CT_CSS_SKIP_RULE","text-transform":"CT_CSS_SKIP_RULE","text-decoration":"CT_CSS_SKIP_RULE"},"pageTitleFontColor":{"default":{"color":"CT_CSS_SKIP_RULEDEFAULT"}},"pageMetaFont":{"family":"Default","variation":"n6","size":"12px","line-height":"1.3","letter-spacing":"CT_CSS_SKIP_RULE","text-transform":"uppercase","text-decoration":"CT_CSS_SKIP_RULE"},"pageMetaFontColor":{"default":{"color":"CT_CSS_SKIP_RULEDEFAULT"},"hover":{"color":"CT_CSS_SKIP_RULEDEFAULT"}},"page_meta_button_type_font_colors":{"default":{"color":"CT_CSS_SKIP_RULEDEFAULT"},"hover":{"color":"CT_CSS_SKIP_RULEDEFAULT"}},"page_meta_button_type_background_colors":{"default":{"color":"CT_CSS_SKIP_RULEDEFAULT"},"hover":{"color":"CT_CSS_SKIP_RULEDEFAULT"}},"pageExcerptFont":{"family":"Default","variation":"Default","size":"CT_CSS_SKIP_RULE","line-height":"CT_CSS_SKIP_RULE","letter-spacing":"CT_CSS_SKIP_RULE","text-transform":"CT_CSS_SKIP_RULE","text-decoration":"CT_CSS_SKIP_RULE"},"pageExcerptColor":{"default":{"color":"CT_CSS_SKIP_RULEDEFAULT"}},"breadcrumbsFont":{"family":"Default","variation":"Default","size":"CT_CSS_SKIP_RULE","line-height":"CT_CSS_SKIP_RULE","letter-spacing":"CT_CSS_SKIP_RULE","text-transform":"CT_CSS_SKIP_RULE","text-decoration":"CT_CSS_SKIP_RULE"},"breadcrumbsFontColor":{"default":{"color":"CT_CSS_SKIP_RULEDEFAULT"},"initial":{"color":"CT_CSS_SKIP_RULEDEFAULT"},"hover":{"color":"CT_CSS_SKIP_RULEDEFAULT"}},"pageTitleOverlay":{"background_type":"color","background_pattern":"type-1","background_image":{"attachment_id":null,"x":0,"y":0},"gradient":"linear-gradient(135deg,rgba(6,147,227,1) 0%,rgb(155,81,224) 100%)","background_repeat":"repeat","background_size":"auto","background_attachment":"scroll","patternColor":{"default":{"color":"#e5e7ea"}},"overlayColor":{"default":{"color":"CT_CSS_SKIP_RULE"}},"backgroundColor":{"default":{"color":"CT_CSS_SKIP_RULE"}}},"pageTitleBackground":{"background_type":"color","background_pattern":"type-1","background_image":{"attachment_id":null,"x":0,"y":0},"gradient":"linear-gradient(135deg,rgba(6,147,227,1) 0%,rgb(155,81,224) 100%)","background_repeat":"repeat","background_size":"auto","background_attachment":"scroll","patternColor":{"default":{"color":"#e5e7ea"}},"overlayColor":{"default":{"color":"CT_CSS_SKIP_RULE"}},"backgroundColor":{"default":{"color":"var(--theme-palette-color-6)"}}},"pageTitlePadding":{"top":"50px","bottom":"50px","left":"auto","right":"auto","linked":true},"12e455f30de1d15aed0effbbb6f951bf":"","page_structure_type":"default","f474d2f3ad69b4e64f52dac0a3aa2bb2":"","content_style_source":"inherit","content_style":"wide","vertical_spacing_source":"custom","content_area_spacing":"none","background":{"background_type":"color","background_pattern":"type-1","background_image":{"attachment_id":null,"x":0,"y":0},"gradient":"linear-gradient(135deg,rgba(6,147,227,1) 0%,rgb(155,81,224) 100%)","background_repeat":"repeat","background_size":"auto","background_attachment":"scroll","patternColor":{"default":{"color":"#e5e7ea"}},"overlayColor":{"default":{"color":"CT_CSS_SKIP_RULE"}},"backgroundColor":{"default":{"color":"CT_CSS_SKIP_RULE"}}},"content_background":{"background_type":"color","background_pattern":"type-1","background_image":{"attachment_id":null,"x":0,"y":0},"gradient":"linear-gradient(135deg,rgba(6,147,227,1) 0%,rgb(155,81,224) 100%)","background_repeat":"repeat","background_size":"auto","background_attachment":"scroll","patternColor":{"default":{"color":"#e5e7ea"}},"overlayColor":{"default":{"color":"CT_CSS_SKIP_RULE"}},"backgroundColor":{"default":{"color":"var(--theme-palette-color-8)"}}},"content_boxed_shadow":{"inherit":false,"blur":18,"spread":-6,"v_offset":12,"h_offset":0,"inset":false,"enable":true,"color":{"color":"rgba(34, 56, 101, 0.04)"}},"content_boxed_border":{"width":1,"style":"none","color":{"color":"rgba(44,62,80,0.2)"}},"content_boxed_radius":{"top":"3px","bottom":"3px","left":"3px","right":"3px","linked":true},"boxed_content_spacing":{"desktop":{"top":"40px","bottom":"40px","left":"40px","right":"40px","linked":true},"tablet":{"top":"35px","bottom":"35px","left":"35px","right":"35px","linked":true},"mobile":{"top":"20px","bottom":"20px","left":"20px","right":"20px","linked":true}},"fca9f1d1c7aa58a4b21dd78357f6373e":"","disable_featured_image":"no","disable_share_box":"no","disable_header":"no","disable_footer":"no","styles_descriptor":{"styles":{"desktop":"","tablet":"","mobile":""},"google_fonts":[],"version":6}},"featured_image_urls":{"full":"","thumbnail":"","medium":"","medium_large":"","large":"","1536x1536":"","2048x2048":""},"post_excerpt_stackable":"<p>Fundada em 1999, a IGRAMAL &#8211; IND\u00daSTRIA DE M\u00c1RMORES E GRANITOS LTDA. \u00e9 uma empresa que atua no setor de rochas ornamentais, especificamente com m\u00e1rmores e granitos, nacionais e importados. Localizada em Macei\u00f3, Estado de Alagoas, \u00e9 uma das principais serrarias de m\u00e1rmores e granitos do Nordeste na comercializa\u00e7\u00e3o de chapas brutas e polidas, ladrilhos etc. para atender ao mercado da constru\u00e7\u00e3o civil, decora\u00e7\u00e3o e ambienta\u00e7\u00e3o, entre outros. Priorizando o bem estar de seus colaboradores e a satisfa\u00e7\u00e3o de seus clientes, sendo necess\u00e1rio, para isso, investimentos em pessoal atrav\u00e9s de cursos e palestras para nivelamento, melhoramento dos processos e a&hellip;<\/p>\n","category_list":"","author_info":{"name":"suporte","url":"https:\/\/igramal.com.br\/index.php\/author\/suporte\/"},"comments_num":"0 coment\u00e1rio","_links":{"self":[{"href":"https:\/\/igramal.com.br\/index.php\/wp-json\/wp\/v2\/pages\/607","targetHints":{"allow":["GET"]}}],"collection":[{"href":"https:\/\/igramal.com.br\/index.php\/wp-json\/wp\/v2\/pages"}],"about":[{"href":"https:\/\/igramal.com.br\/index.php\/wp-json\/wp\/v2\/types\/page"}],"author":[{"embeddable":true,"href":"https:\/\/igramal.com.br\/index.php\/wp-json\/wp\/v2\/users\/1"}],"replies":[{"embeddable":true,"href":"https:\/\/igramal.com.br\/index.php\/wp-json\/wp\/v2\/comments?post=607"}],"version-history":[{"count":2,"href":"https:\/\/igramal.com.br\/index.php\/wp-json\/wp\/v2\/pages\/607\/revisions"}],"predecessor-version":[{"id":742,"href":"https:\/\/igramal.com.br\/index.php\/wp-json\/wp\/v2\/pages\/607\/revisions\/742"}],"wp:attachment":[{"href":"https:\/\/igramal.com.br\/index.php\/wp-json\/wp\/v2\/media?parent=607"}],"curies":[{"name":"wp","href":"https:\/\/api.w.org\/{rel}","templated":true}]}}