{"id":752,"date":"2024-07-16T21:23:14","date_gmt":"2024-07-17T00:23:14","guid":{"rendered":"https:\/\/igramal.com.br\/?page_id=752"},"modified":"2024-07-16T21:36:17","modified_gmt":"2024-07-17T00:36:17","slug":"granitos-ornamentais","status":"publish","type":"page","link":"https:\/\/igramal.com.br\/index.php\/granitos-ornamentais\/","title":{"rendered":"Granitos Ornamentais"},"content":{"rendered":"\n<figure class=\"wp-block-image alignleft size-full is-resized\"><img loading=\"lazy\" decoding=\"async\" width=\"640\" height=\"406\" src=\"https:\/\/igramal.com.br\/wp-content\/uploads\/2024\/07\/azul_noruegues.jpg\" alt=\"\" class=\"wp-image-753\" style=\"width:566px;height:auto\" srcset=\"https:\/\/igramal.com.br\/wp-content\/uploads\/2024\/07\/azul_noruegues.jpg 640w, https:\/\/igramal.com.br\/wp-content\/uploads\/2024\/07\/azul_noruegues-300x190.jpg 300w\" sizes=\"auto, (max-width: 640px) 100vw, 640px\" \/><\/figure>\n\n\n\n<p>Comercialmente, as rochas ornamentais e de revestimento denominadas como granito, nem sempre correspondem a esse tipo petrogr\u00e1fico, segundo proposta da Subcomission on the Sistematics of Igneous Rocks (IUGS 1973), apresentando elementos texturais muito discrepantes.<br>Assim, com base petrogr\u00e1fica pode-se afirmar que os granitos comerciais, al\u00e9m de apresentarem granula\u00e7\u00e3o variada, podem envolver diversos tipos e extremos, aqui discriminados com base mineral\u00f3gica em:<\/p>\n\n\n\n<p>\u2022&nbsp;<strong>Granitos quartzo-feldsp\u00e1ticos<\/strong>, representados pelos chamados granitos verdadeiros (Granito Ruby Red, Granito Cinza Andorinha, Granito Amazon Star etc.), mas tamb\u00e9m por in\u00fameros gnaisses migmat\u00edticos ou n\u00e3o (Granito Verde Lavras, Granito Azul Brasil, Granito Knawa etc.), por rochas vulc\u00e2nicas \u00e1cidas at\u00e9 intermedi\u00e1rias (Granito Azul Sucur\u00fa) e at\u00e9 por conglomerados (Granito Marinace);<\/p>\n\n\n\n<p><br>\u2022&nbsp;<strong>Granitos feldsp\u00e1ticos<\/strong>, que correspondem, segundo classifica\u00e7\u00e3o proposta pela Subcomission on the Sistematics of Igneous Rocks (IUGS 1973), aos sienitos (Granito Marrom Itarantim, Granito Azul Bahia, Granito \u00c1s de Paus, Granito Azul da Noruega, Granito Marrom Caldas etc.);<\/p>\n\n\n\n<p><br>\u2022&nbsp;<strong>Granitos m\u00e1ficos<\/strong>, que de fato correspondem a rochas b\u00e1sicas, tais como gabros de gr\u00e3o fino (Granito Preto S\u00e3o Gabriel, Granito Cotax\u00e9 etc.) e basaltos (Granito Basaltina).<\/p>\n\n\n\n<p><br>\u2022&nbsp;<strong>Granitos ultram\u00e1ficos<\/strong>, que correspondem a rochas ultram\u00e1ficas ricas em serpentina, anfib\u00f3lios, clorita etc. (Granito Verde Alpi, Granito Verde Boiadeiros etc.).<br><br>Essas rochas podem apresentar colora\u00e7\u00f5es diversas, com destaque para os granitos amarelos (Granito Gold 500, Granito Juparan\u00e1, Granito Rio do Norte Amarelo etc.), os brancos (Granito Nepal, Granito Cotton White, Granito Branco Romano etc.), os cinzas (Granito Cinza Pir\u00e1, Granito Cinza Mau\u00e1, Granito Arabesco etc.), os vermelhos ou rosas (Granito Ruby Red, Granito Coral Pernambuco, Granito Rosa Raissa, Granito Rosa Imperial, Granito Vermelho Bragan\u00e7a, Granito Lil\u00e1s Gerais etc.), os marrons (Granito Caf\u00e9 Imperial, Granito Marrom Caldas etc.), os verdes (Granito Verde Lavras, Granito Verde Van Gogh, Granito Verde Pav\u00e3o, Granito Verde Jade etc.), os pretos (Granito Preto S\u00e3o Gabriel, Granito Preto, Granito Cotax\u00e9 etc.), os azuis (Granito Azul Bahia, Granito Blue Valley, Granito Blue Wave, Granito Azul Sucuru etc.) e os beges (Granito Bege Pav\u00e3o, Granito Arabesco Samoa, etc.)<\/p>\n\n\n\n<p><br>Quanto \u00e0 colora\u00e7\u00e3o, esta pode ser explicada com base no conte\u00fado mineral\u00f3gico prim\u00e1rio e secund\u00e1rio das rochas. Os granitos cinza esbranqui\u00e7ados e os preto esbranqui\u00e7ados, que constituem os tipos mais comuns, tem essa colora\u00e7\u00e3o em parte devida \u00e0 presen\u00e7a de minerais prim\u00e1rios tais como feldspatos, quartzo e biotita. Tipos esbranqui\u00e7ados s\u00e3o raros e denotam aus\u00eancia de minerais m\u00e1ficos, enquanto tons r\u00f3seos e encarnados decorrem da presen\u00e7a de certos feldspatos, de granadas como as almandinas, de inclus\u00f5es ricas em ferro ou de suas altera\u00e7\u00f5es. Os tons de marrom decorrem da presen\u00e7a de in\u00fameras inclus\u00f5es de agulhas de rutilo e lamelas de ilmenita em feldspatos e minerais m\u00e1ficos, enquanto os verdes claros, escuros e pretos devem-se \u00e0 presen\u00e7a de minerais m\u00e1ficos como anfib\u00f3lios e pirox\u00eanios, ou a cloritas, serpentinas e outros resultantes de processos de altera\u00e7\u00e3o dos constituintes prim\u00e1rios. Quanto \u00e0 colora\u00e7\u00e3o preta, esta ser\u00e1 real\u00e7ada pela granula\u00e7\u00e3o fina das rochas ricas em constituintes m\u00e1ficos. Tons amarelados e alaranjados decorrem da altera\u00e7\u00e3o de minerais m\u00e1ficos, como a biotita e de minerais opacos.<\/p>\n\n\n\n<p class=\"has-text-align-right\"><strong>Fonte:<\/strong>\u00a0<a href=\"http:\/\/www.cpmtc-igc-ufmg.org\/labtecrochas\" target=\"_blank\" rel=\"noreferrer noopener\">LABTEC Rochas &#8211; UFMG<\/a><\/p>\n","protected":false},"excerpt":{"rendered":"<p>Comercialmente, as rochas ornamentais e de revestimento denominadas como granito, nem sempre correspondem a esse tipo petrogr\u00e1fico, segundo proposta da Subcomission on the Sistematics of Igneous Rocks (IUGS 1973), apresentando elementos texturais muito discrepantes.Assim, com base petrogr\u00e1fica pode-se afirmar que os granitos comerciais, al\u00e9m de apresentarem granula\u00e7\u00e3o variada, podem envolver diversos tipos e extremos, aqui [&hellip;]<\/p>\n","protected":false},"author":1,"featured_media":0,"parent":0,"menu_order":0,"comment_status":"closed","ping_status":"closed","template":"","meta":{"_joinchat":[],"footnotes":""},"class_list":["post-752","page","type-page","status-publish","hentry"],"blocksy_meta":[],"featured_image_urls":{"full":"","thumbnail":"","medium":"","medium_large":"","large":"","1536x1536":"","2048x2048":""},"post_excerpt_stackable":"<p>Comercialmente, as rochas ornamentais e de revestimento denominadas como granito, nem sempre correspondem a esse tipo petrogr\u00e1fico, segundo proposta da Subcomission on the Sistematics of Igneous Rocks (IUGS 1973), apresentando elementos texturais muito discrepantes.Assim, com base petrogr\u00e1fica pode-se afirmar que os granitos comerciais, al\u00e9m de apresentarem granula\u00e7\u00e3o variada, podem envolver diversos tipos e extremos, aqui discriminados com base mineral\u00f3gica em: \u2022&nbsp;Granitos quartzo-feldsp\u00e1ticos, representados pelos chamados granitos verdadeiros (Granito Ruby Red, Granito Cinza Andorinha, Granito Amazon Star etc.), mas tamb\u00e9m por in\u00fameros gnaisses migmat\u00edticos ou n\u00e3o (Granito Verde Lavras, Granito Azul Brasil, Granito Knawa etc.), por rochas vulc\u00e2nicas \u00e1cidas at\u00e9 intermedi\u00e1rias&hellip;<\/p>\n","category_list":"","author_info":{"name":"suporte","url":"https:\/\/igramal.com.br\/index.php\/author\/suporte\/"},"comments_num":"0 coment\u00e1rio","_links":{"self":[{"href":"https:\/\/igramal.com.br\/index.php\/wp-json\/wp\/v2\/pages\/752","targetHints":{"allow":["GET"]}}],"collection":[{"href":"https:\/\/igramal.com.br\/index.php\/wp-json\/wp\/v2\/pages"}],"about":[{"href":"https:\/\/igramal.com.br\/index.php\/wp-json\/wp\/v2\/types\/page"}],"author":[{"embeddable":true,"href":"https:\/\/igramal.com.br\/index.php\/wp-json\/wp\/v2\/users\/1"}],"replies":[{"embeddable":true,"href":"https:\/\/igramal.com.br\/index.php\/wp-json\/wp\/v2\/comments?post=752"}],"version-history":[{"count":2,"href":"https:\/\/igramal.com.br\/index.php\/wp-json\/wp\/v2\/pages\/752\/revisions"}],"predecessor-version":[{"id":762,"href":"https:\/\/igramal.com.br\/index.php\/wp-json\/wp\/v2\/pages\/752\/revisions\/762"}],"wp:attachment":[{"href":"https:\/\/igramal.com.br\/index.php\/wp-json\/wp\/v2\/media?parent=752"}],"curies":[{"name":"wp","href":"https:\/\/api.w.org\/{rel}","templated":true}]}}